{"id":397,"date":"2022-09-13T19:42:55","date_gmt":"2022-09-13T19:42:55","guid":{"rendered":"http:\/\/www.ampasanbernardo.es\/?page_id=397"},"modified":"2025-10-21T23:28:15","modified_gmt":"2025-10-21T21:28:15","slug":"apuntate","status":"publish","type":"page","link":"https:\/\/www.ampasanbernardo.es\/index.php\/apuntate\/","title":{"rendered":"Ap\u00fantate"},"content":{"rendered":"<p>[et_pb_section fb_built=\u00bb1&#8243; _builder_version=\u00bb4.18.0&#8243; _module_preset=\u00bbdefault\u00bb use_background_color_gradient=\u00bbon\u00bb background_image=\u00bbhttps:\/\/www.ampasanbernardo.es\/wp-content\/uploads\/2022\/09\/doctor-15.jpg\u00bb custom_padding=\u00bb||0px|||\u00bb locked=\u00bboff\u00bb global_colors_info=\u00bb{}\u00bb][et_pb_row _builder_version=\u00bb4.18.0&#8243; _module_preset=\u00bbdefault\u00bb min_height=\u00bb100px\u00bb height=\u00bb100px\u00bb max_height=\u00bb886px\u00bb global_colors_info=\u00bb{}\u00bb][et_pb_column type=\u00bb4_4&#8243; _builder_version=\u00bb4.18.0&#8243; _module_preset=\u00bbdefault\u00bb global_colors_info=\u00bb{}\u00bb][et_pb_text _builder_version=\u00bb4.18.0&#8243; _module_preset=\u00bbdefault\u00bb text_font=\u00bbDidact Gothic|600|||||||\u00bb text_text_color=\u00bb#FFFFFF\u00bb text_font_size=\u00bb15px\u00bb text_line_height=\u00bb1.5em\u00bb background_layout=\u00bbdark\u00bb inline_fonts=\u00bbDarker Grotesque\u00bb global_colors_info=\u00bb{}\u00bb]<\/p>\n<h1><strong>\u00a1AP\u00daNTATE A LA AMPA!<\/strong><\/h1>\n<p>[\/et_pb_text][\/et_pb_column][\/et_pb_row][\/et_pb_section][et_pb_section fb_built=\u00bb1&#8243; _builder_version=\u00bb4.18.0&#8243; _module_preset=\u00bbdefault\u00bb global_colors_info=\u00bb{}\u00bb][et_pb_row column_structure=\u00bb1_2,1_2&#8243; _builder_version=\u00bb4.18.0&#8243; _module_preset=\u00bbdefault\u00bb global_colors_info=\u00bb{}\u00bb][et_pb_column type=\u00bb1_2&#8243; _builder_version=\u00bb4.18.0&#8243; _module_preset=\u00bbdefault\u00bb global_colors_info=\u00bb{}\u00bb][et_pb_text _builder_version=\u00bb4.18.0&#8243; _module_preset=\u00bbdefault\u00bb text_font=\u00bbDidact Gothic||||||||\u00bb text_font_size=\u00bb16px\u00bb global_colors_info=\u00bb{}\u00bb]<\/p>\n<h1><strong>INSCR\u00cdBETE EN LA AMPA!<\/strong><\/h1>\n<p><strong><\/strong><\/p>\n<p>Una vez m\u00e1s os invitamos a asociaros a la AMPA San Bernardo para el pr\u00f3ximo curso escolar 2025\/26, cuya cuota es de <strong>35<\/strong><span>\u00a0<\/span><strong>euros al a\u00f1o por familia<\/strong>.<\/p>\n<p>La AMPA San Bernardo colabora en el buen funcionamiento del colegio, invierte en infraestructuras y organiza diversas actividades para participar en la educaci\u00f3n de nuestros hijos\/as.<\/p>\n<p>El dinero de esta cuota, junto con el obtenido mediante otras actividades, subvenciones, etc. se reinvierte en el propio colegio, en nuestros hijos y en las actividades que cada a\u00f1o organizamos (excursiones, visitas culturales, jornadas deportivas y otros eventos, etc.).<\/p>\n<p><strong>Adem\u00e1s, esta cuota te permite obtener descuentos en las actividades organizadas desde la AMPA<\/strong><strong> y en las orlas que hacemos anualmente para las alumnas y alumnos que acaban ciclo.<\/strong><\/p>\n<p>Realiza una transferencia a <strong>ES80 0081 0288 7300 0180 2286, <\/strong>envi\u00e1ndonos posteriormente el justificante de pago a <strong><a href=\"mailto:%20info@ampasanbernardo.es\">info@ampasanbernardo.es<\/a><a href=\"mailto:ampasanbernardo@gmail.com\"><strong>.<\/strong><\/a><\/strong><\/p>\n<p>Anim\u00e1ndoos a participar en todas nuestras actividades, \u00a1os esperamos en la AMPA con los brazos abiertos!.<\/p>\n<p>Si quer\u00e9is contactar con nosotros no dud\u00e9is en hacerlo a trav\u00e9s del correo electr\u00f3nico<span> <strong><a href=\"mailto:%20info@ampasanbernardo.es\">info@ampasanbernardo.es<\/a><\/strong><strong>.<\/strong><\/span><\/p>\n<p>El equipo de la AMPA &#8211; San Bernardo.<\/p>\n<p>[\/et_pb_text][\/et_pb_column][et_pb_column type=\u00bb1_2&#8243; _builder_version=\u00bb4.18.0&#8243; _module_preset=\u00bbdefault\u00bb global_colors_info=\u00bb{}\u00bb][et_pb_contact_form email=\u00bbformularios@ampasanbernardo.es\u00bb title=\u00bbFormulario inscripci\u00f3n AMPA\u00bb success_message=\u00bbMuchas gracias por tu alta en la AMPA. En breve nos pondremos en contacto contigo para confirmar el alta.  nos\u00bb admin_label=\u00bbInscripci\u00f3n\u00bb _builder_version=\u00bb4.27.0&#8243; _module_preset=\u00bbdefault\u00bb _unique_id=\u00bb4b338cd9-cbf2-4923-9d76-2c2f0fb7eab4&#8243; title_font=\u00bbDidact Gothic||||||||\u00bb global_colors_info=\u00bb{}\u00bb][et_pb_contact_field field_id=\u00bbNombre_1&#8243; field_title=\u00bbNombre madre o padre\u00bb _builder_version=\u00bb4.18.0&#8243; global_colors_info=\u00bb{}\u00bb button_text_size__hover_enabled=\u00bboff\u00bb button_one_text_size__hover_enabled=\u00bboff\u00bb button_two_text_size__hover_enabled=\u00bboff\u00bb button_text_color__hover_enabled=\u00bboff\u00bb button_one_text_color__hover_enabled=\u00bboff\u00bb button_two_text_color__hover_enabled=\u00bboff\u00bb button_border_width__hover_enabled=\u00bboff\u00bb button_one_border_width__hover_enabled=\u00bboff\u00bb button_two_border_width__hover_enabled=\u00bboff\u00bb button_border_color__hover_enabled=\u00bboff\u00bb button_one_border_color__hover_enabled=\u00bboff\u00bb button_two_border_color__hover_enabled=\u00bboff\u00bb button_border_radius__hover_enabled=\u00bboff\u00bb button_one_border_radius__hover_enabled=\u00bboff\u00bb button_two_border_radius__hover_enabled=\u00bboff\u00bb button_letter_spacing__hover_enabled=\u00bboff\u00bb button_one_letter_spacing__hover_enabled=\u00bboff\u00bb button_two_letter_spacing__hover_enabled=\u00bboff\u00bb button_bg_color__hover_enabled=\u00bboff\u00bb button_one_bg_color__hover_enabled=\u00bboff\u00bb button_two_bg_color__hover_enabled=\u00bboff\u00bb][\/et_pb_contact_field][et_pb_contact_field field_id=\u00bbEmail_1&#8243; field_title=\u00bbCorreo electr\u00f3nico 1&#8243; field_type=\u00bbemail\u00bb _builder_version=\u00bb4.18.0&#8243; global_colors_info=\u00bb{}\u00bb button_text_size__hover_enabled=\u00bboff\u00bb button_one_text_size__hover_enabled=\u00bboff\u00bb button_two_text_size__hover_enabled=\u00bboff\u00bb button_text_color__hover_enabled=\u00bboff\u00bb button_one_text_color__hover_enabled=\u00bboff\u00bb button_two_text_color__hover_enabled=\u00bboff\u00bb button_border_width__hover_enabled=\u00bboff\u00bb button_one_border_width__hover_enabled=\u00bboff\u00bb button_two_border_width__hover_enabled=\u00bboff\u00bb button_border_color__hover_enabled=\u00bboff\u00bb button_one_border_color__hover_enabled=\u00bboff\u00bb button_two_border_color__hover_enabled=\u00bboff\u00bb button_border_radius__hover_enabled=\u00bboff\u00bb button_one_border_radius__hover_enabled=\u00bboff\u00bb button_two_border_radius__hover_enabled=\u00bboff\u00bb button_letter_spacing__hover_enabled=\u00bboff\u00bb button_one_letter_spacing__hover_enabled=\u00bboff\u00bb button_two_letter_spacing__hover_enabled=\u00bboff\u00bb button_bg_color__hover_enabled=\u00bboff\u00bb button_one_bg_color__hover_enabled=\u00bboff\u00bb button_two_bg_color__hover_enabled=\u00bboff\u00bb][\/et_pb_contact_field][et_pb_contact_field field_id=\u00bbNombre_2&#8243; field_title=\u00bbNombre madre o padre\u00bb required_mark=\u00bboff\u00bb _builder_version=\u00bb4.18.0&#8243; global_colors_info=\u00bb{}\u00bb button_text_size__hover_enabled=\u00bboff\u00bb button_one_text_size__hover_enabled=\u00bboff\u00bb button_two_text_size__hover_enabled=\u00bboff\u00bb button_text_color__hover_enabled=\u00bboff\u00bb button_one_text_color__hover_enabled=\u00bboff\u00bb button_two_text_color__hover_enabled=\u00bboff\u00bb button_border_width__hover_enabled=\u00bboff\u00bb button_one_border_width__hover_enabled=\u00bboff\u00bb button_two_border_width__hover_enabled=\u00bboff\u00bb button_border_color__hover_enabled=\u00bboff\u00bb button_one_border_color__hover_enabled=\u00bboff\u00bb button_two_border_color__hover_enabled=\u00bboff\u00bb button_border_radius__hover_enabled=\u00bboff\u00bb button_one_border_radius__hover_enabled=\u00bboff\u00bb button_two_border_radius__hover_enabled=\u00bboff\u00bb button_letter_spacing__hover_enabled=\u00bboff\u00bb button_one_letter_spacing__hover_enabled=\u00bboff\u00bb button_two_letter_spacing__hover_enabled=\u00bboff\u00bb button_bg_color__hover_enabled=\u00bboff\u00bb button_one_bg_color__hover_enabled=\u00bboff\u00bb button_two_bg_color__hover_enabled=\u00bboff\u00bb][\/et_pb_contact_field][et_pb_contact_field field_id=\u00bbEmail_2&#8243; field_title=\u00bbCorreo electr\u00f3nico 2&#8243; field_type=\u00bbemail\u00bb required_mark=\u00bboff\u00bb _builder_version=\u00bb4.18.0&#8243; global_colors_info=\u00bb{}\u00bb button_text_size__hover_enabled=\u00bboff\u00bb button_one_text_size__hover_enabled=\u00bboff\u00bb button_two_text_size__hover_enabled=\u00bboff\u00bb button_text_color__hover_enabled=\u00bboff\u00bb button_one_text_color__hover_enabled=\u00bboff\u00bb button_two_text_color__hover_enabled=\u00bboff\u00bb button_border_width__hover_enabled=\u00bboff\u00bb button_one_border_width__hover_enabled=\u00bboff\u00bb button_two_border_width__hover_enabled=\u00bboff\u00bb button_border_color__hover_enabled=\u00bboff\u00bb button_one_border_color__hover_enabled=\u00bboff\u00bb button_two_border_color__hover_enabled=\u00bboff\u00bb button_border_radius__hover_enabled=\u00bboff\u00bb button_one_border_radius__hover_enabled=\u00bboff\u00bb button_two_border_radius__hover_enabled=\u00bboff\u00bb button_letter_spacing__hover_enabled=\u00bboff\u00bb button_one_letter_spacing__hover_enabled=\u00bboff\u00bb button_two_letter_spacing__hover_enabled=\u00bboff\u00bb button_bg_color__hover_enabled=\u00bboff\u00bb button_one_bg_color__hover_enabled=\u00bboff\u00bb button_two_bg_color__hover_enabled=\u00bboff\u00bb][\/et_pb_contact_field][et_pb_contact_field field_id=\u00bbTel\u00e9fono\u00bb field_title=\u00bbTel\u00e9fono \u00bb fullwidth_field=\u00bbon\u00bb _builder_version=\u00bb4.18.0&#8243; _module_preset=\u00bbdefault\u00bb global_colors_info=\u00bb{}\u00bb][\/et_pb_contact_field][et_pb_contact_field field_id=\u00bbMensaje\u00bb field_title=\u00bbMensaje\u00bb field_type=\u00bbtext\u00bb required_mark=\u00bboff\u00bb fullwidth_field=\u00bbon\u00bb _builder_version=\u00bb4.18.0&#8243; global_colors_info=\u00bb{}\u00bb button_text_size__hover_enabled=\u00bboff\u00bb button_one_text_size__hover_enabled=\u00bboff\u00bb button_two_text_size__hover_enabled=\u00bboff\u00bb button_text_color__hover_enabled=\u00bboff\u00bb button_one_text_color__hover_enabled=\u00bboff\u00bb button_two_text_color__hover_enabled=\u00bboff\u00bb button_border_width__hover_enabled=\u00bboff\u00bb button_one_border_width__hover_enabled=\u00bboff\u00bb button_two_border_width__hover_enabled=\u00bboff\u00bb button_border_color__hover_enabled=\u00bboff\u00bb button_one_border_color__hover_enabled=\u00bboff\u00bb button_two_border_color__hover_enabled=\u00bboff\u00bb button_border_radius__hover_enabled=\u00bboff\u00bb button_one_border_radius__hover_enabled=\u00bboff\u00bb button_two_border_radius__hover_enabled=\u00bboff\u00bb button_letter_spacing__hover_enabled=\u00bboff\u00bb button_one_letter_spacing__hover_enabled=\u00bboff\u00bb button_two_letter_spacing__hover_enabled=\u00bboff\u00bb button_bg_color__hover_enabled=\u00bboff\u00bb button_one_bg_color__hover_enabled=\u00bboff\u00bb button_two_bg_color__hover_enabled=\u00bboff\u00bb][\/et_pb_contact_field][et_pb_contact_field field_id=\u00bbNombre_alumno_1&#8243; field_title=\u00bbNombre menor 1&#8243; fullwidth_field=\u00bbon\u00bb _builder_version=\u00bb4.18.0&#8243; _module_preset=\u00bbdefault\u00bb global_colors_info=\u00bb{}\u00bb][\/et_pb_contact_field][et_pb_contact_field field_id=\u00bbNombre_alumno_2&#8243; field_title=\u00bbNombre menor 2&#8243; required_mark=\u00bboff\u00bb fullwidth_field=\u00bbon\u00bb _builder_version=\u00bb4.18.0&#8243; _module_preset=\u00bbdefault\u00bb global_colors_info=\u00bb{}\u00bb][\/et_pb_contact_field][et_pb_contact_field field_id=\u00bbNombre_alumno_3&#8243; field_title=\u00bbNombre menor 3&#8243; required_mark=\u00bboff\u00bb fullwidth_field=\u00bbon\u00bb _builder_version=\u00bb4.18.0&#8243; _module_preset=\u00bbdefault\u00bb global_colors_info=\u00bb{}\u00bb][\/et_pb_contact_field][et_pb_contact_field field_id=\u00bbCursos\u00bb field_title=\u00bbCurso\/s actual\/es\u00bb field_type=\u00bbcheckbox\u00bb checkbox_options=\u00bb%91{%22value%22:%221\u00ba Infantil%22,%22checked%22:0,%22dragID%22:-1},{%22value%22:%222\u00ba Infantil%22,%22checked%22:0,%22dragID%22:0},{%22value%22:%223\u00ba Infantil%22,%22checked%22:0,%22dragID%22:1},{%22value%22:%221\u00ba Primaria%22,%22checked%22:0,%22dragID%22:2},{%22value%22:%222\u00ba Primaria%22,%22checked%22:0,%22dragID%22:3},{%22value%22:%223\u00ba Primaria%22,%22checked%22:0,%22dragID%22:4},{%22value%22:%224\u00ba Primaria%22,%22checked%22:0,%22dragID%22:5},{%22value%22:%225\u00ba Primaria%22,%22checked%22:0,%22dragID%22:6,%22link_url%22:%22%22,%22link_text%22:%22%22},{%22value%22:%226\u00ba Primaria%22,%22checked%22:0,%22dragID%22:7,%22link_url%22:%22%22,%22link_text%22:%22%22},{%22value%22:%221\u00ba ESO%22,%22checked%22:0,%22dragID%22:8},{%22value%22:%222\u00ba ESO%22,%22checked%22:0,%22dragID%22:9},{%22value%22:%223\u00ba ESO%22,%22checked%22:0,%22dragID%22:10},{%22value%22:%224\u00ba ESO%22,%22checked%22:0,%22dragID%22:15},{%22value%22:%221\u00ba FP%22,%22checked%22:0,%22dragID%22:11},{%22value%22:%222\u00ba FP%22,%22checked%22:0,%22dragID%22:12},{%22value%22:%221\u00ba BACHILLERATO%22,%22checked%22:0,%22dragID%22:13},{%22value%22:%222\u00ba BACHILLERATO%22,%22checked%22:0,%22dragID%22:14}%93&#8243; fullwidth_field=\u00bbon\u00bb _builder_version=\u00bb4.18.0&#8243; _module_preset=\u00bbdefault\u00bb width=\u00bb100%\u00bb module_alignment=\u00bbleft\u00bb global_colors_info=\u00bb{}\u00bb][\/et_pb_contact_field][et_pb_contact_field field_id=\u00bbProtecci\u00f3n_de_Datos\u00bb field_title=\u00bbProtecci\u00f3n de datos\u00bb field_type=\u00bbcheckbox\u00bb checkbox_options=\u00bb%91{%22value%22:%22He le\u00eddo y acepto la pol\u00edtica de privacidad y protecci\u00f3n de datos%22,%22checked%22:0,%22dragID%22:-1,%22link_url%22:%22https:\/\/www.ampasanbernardo.es\/index.php\/legal\/%22}%93&#8243; fullwidth_field=\u00bbon\u00bb _builder_version=\u00bb4.18.0&#8243; _module_preset=\u00bbdefault\u00bb global_colors_info=\u00bb{}\u00bb][\/et_pb_contact_field][\/et_pb_contact_form][\/et_pb_column][\/et_pb_row][\/et_pb_section]<\/p>\n","protected":false},"excerpt":{"rendered":"<p>\u00a1AP\u00daNTATE A LA AMPA!INSCR\u00cdBETE EN LA AMPA! Una vez m\u00e1s os invitamos a asociaros a la AMPA San Bernardo para el pr\u00f3ximo curso escolar 2025\/26, cuya cuota es de 35\u00a0euros al a\u00f1o por familia. La AMPA San Bernardo colabora en el buen funcionamiento del colegio, invierte en infraestructuras y organiza diversas actividades para participar en [&hellip;]<\/p>\n","protected":false},"author":1,"featured_media":543,"parent":0,"menu_order":0,"comment_status":"closed","ping_status":"closed","template":"","meta":{"_et_pb_use_builder":"on","_et_pb_old_content":"","_et_gb_content_width":"","footnotes":""},"class_list":["post-397","page","type-page","status-publish","has-post-thumbnail","hentry"],"yoast_head":"<!-- This site is optimized with the Yoast SEO plugin v27.6 - https:\/\/yoast.com\/product\/yoast-seo-wordpress\/ -->\n<title>Ap\u00fantate - AMPA San Bernardo - Sevilla<\/title>\n<meta name=\"robots\" content=\"index, follow, max-snippet:-1, max-image-preview:large, max-video-preview:-1\" \/>\n<link rel=\"canonical\" href=\"https:\/\/www.ampasanbernardo.es\/index.php\/apuntate\/\" \/>\n<meta property=\"og:locale\" content=\"es_ES\" \/>\n<meta property=\"og:type\" content=\"article\" \/>\n<meta property=\"og:title\" content=\"Ap\u00fantate - AMPA San Bernardo - Sevilla\" \/>\n<meta property=\"og:description\" content=\"\u00a1AP\u00daNTATE A LA AMPA!INSCR\u00cdBETE EN LA AMPA! Una vez m\u00e1s os invitamos a asociaros a la AMPA San Bernardo para el pr\u00f3ximo curso escolar 2025\/26, cuya cuota es de 35\u00a0euros al a\u00f1o por familia. La AMPA San Bernardo colabora en el buen funcionamiento del colegio, invierte en infraestructuras y organiza diversas actividades para participar en [&hellip;]\" \/>\n<meta property=\"og:url\" content=\"https:\/\/www.ampasanbernardo.es\/index.php\/apuntate\/\" \/>\n<meta property=\"og:site_name\" content=\"AMPA San Bernardo - Sevilla\" \/>\n<meta property=\"article:publisher\" content=\"https:\/\/www.facebook.com\/ampasanbernardosevilla\/\" \/>\n<meta property=\"article:modified_time\" content=\"2025-10-21T21:28:15+00:00\" \/>\n<meta property=\"og:image\" content=\"https:\/\/www.ampasanbernardo.es\/wp-content\/uploads\/2022\/09\/Logo-750-e1663158982706.png\" \/>\n\t<meta property=\"og:image:width\" content=\"600\" \/>\n\t<meta property=\"og:image:height\" content=\"240\" \/>\n\t<meta property=\"og:image:type\" content=\"image\/png\" \/>\n<meta name=\"twitter:card\" content=\"summary_large_image\" \/>\n<meta name=\"twitter:image\" content=\"https:\/\/www.ampasanbernardo.es\/wp-content\/uploads\/2022\/09\/Logo-750-e1663158982706.png\" \/>\n<meta name=\"twitter:label1\" content=\"Tiempo de lectura\" \/>\n\t<meta name=\"twitter:data1\" content=\"3 minutos\" \/>\n<script type=\"application\/ld+json\" class=\"yoast-schema-graph\">{\"@context\":\"https:\\\/\\\/schema.org\",\"@graph\":[{\"@type\":\"WebPage\",\"@id\":\"https:\\\/\\\/www.ampasanbernardo.es\\\/index.php\\\/apuntate\\\/\",\"url\":\"https:\\\/\\\/www.ampasanbernardo.es\\\/index.php\\\/apuntate\\\/\",\"name\":\"Ap\u00fantate - AMPA San Bernardo - Sevilla\",\"isPartOf\":{\"@id\":\"https:\\\/\\\/www.ampasanbernardo.es\\\/#website\"},\"primaryImageOfPage\":{\"@id\":\"https:\\\/\\\/www.ampasanbernardo.es\\\/index.php\\\/apuntate\\\/#primaryimage\"},\"image\":{\"@id\":\"https:\\\/\\\/www.ampasanbernardo.es\\\/index.php\\\/apuntate\\\/#primaryimage\"},\"thumbnailUrl\":\"https:\\\/\\\/www.ampasanbernardo.es\\\/wp-content\\\/uploads\\\/2022\\\/09\\\/Logo-750-e1663158982706.png\",\"datePublished\":\"2022-09-13T19:42:55+00:00\",\"dateModified\":\"2025-10-21T21:28:15+00:00\",\"breadcrumb\":{\"@id\":\"https:\\\/\\\/www.ampasanbernardo.es\\\/index.php\\\/apuntate\\\/#breadcrumb\"},\"inLanguage\":\"es\",\"potentialAction\":[{\"@type\":\"ReadAction\",\"target\":[\"https:\\\/\\\/www.ampasanbernardo.es\\\/index.php\\\/apuntate\\\/\"]}]},{\"@type\":\"ImageObject\",\"inLanguage\":\"es\",\"@id\":\"https:\\\/\\\/www.ampasanbernardo.es\\\/index.php\\\/apuntate\\\/#primaryimage\",\"url\":\"https:\\\/\\\/www.ampasanbernardo.es\\\/wp-content\\\/uploads\\\/2022\\\/09\\\/Logo-750-e1663158982706.png\",\"contentUrl\":\"https:\\\/\\\/www.ampasanbernardo.es\\\/wp-content\\\/uploads\\\/2022\\\/09\\\/Logo-750-e1663158982706.png\",\"width\":600,\"height\":240},{\"@type\":\"BreadcrumbList\",\"@id\":\"https:\\\/\\\/www.ampasanbernardo.es\\\/index.php\\\/apuntate\\\/#breadcrumb\",\"itemListElement\":[{\"@type\":\"ListItem\",\"position\":1,\"name\":\"Portada\",\"item\":\"https:\\\/\\\/www.ampasanbernardo.es\\\/\"},{\"@type\":\"ListItem\",\"position\":2,\"name\":\"Ap\u00fantate\"}]},{\"@type\":\"WebSite\",\"@id\":\"https:\\\/\\\/www.ampasanbernardo.es\\\/#website\",\"url\":\"https:\\\/\\\/www.ampasanbernardo.es\\\/\",\"name\":\"AMPA San Bernardo - Sevilla\",\"description\":\"P\u00e1gina web de la AMPA del colegio San Bernardo.\",\"publisher\":{\"@id\":\"https:\\\/\\\/www.ampasanbernardo.es\\\/#organization\"},\"potentialAction\":[{\"@type\":\"SearchAction\",\"target\":{\"@type\":\"EntryPoint\",\"urlTemplate\":\"https:\\\/\\\/www.ampasanbernardo.es\\\/?s={search_term_string}\"},\"query-input\":{\"@type\":\"PropertyValueSpecification\",\"valueRequired\":true,\"valueName\":\"search_term_string\"}}],\"inLanguage\":\"es\"},{\"@type\":\"Organization\",\"@id\":\"https:\\\/\\\/www.ampasanbernardo.es\\\/#organization\",\"name\":\"AMPA San Bernardo - Sevilla\",\"alternateName\":\"AMPA San Bernardo\",\"url\":\"https:\\\/\\\/www.ampasanbernardo.es\\\/\",\"logo\":{\"@type\":\"ImageObject\",\"inLanguage\":\"es\",\"@id\":\"https:\\\/\\\/www.ampasanbernardo.es\\\/#\\\/schema\\\/logo\\\/image\\\/\",\"url\":\"https:\\\/\\\/www.ampasanbernardo.es\\\/wp-content\\\/uploads\\\/2022\\\/09\\\/cropped-cropped-Logo-para-estudio-de-tatuaje-minimalista-circular-en-tonos-gris-y-blanco.-1.png\",\"contentUrl\":\"https:\\\/\\\/www.ampasanbernardo.es\\\/wp-content\\\/uploads\\\/2022\\\/09\\\/cropped-cropped-Logo-para-estudio-de-tatuaje-minimalista-circular-en-tonos-gris-y-blanco.-1.png\",\"width\":200,\"height\":196,\"caption\":\"AMPA San Bernardo - Sevilla\"},\"image\":{\"@id\":\"https:\\\/\\\/www.ampasanbernardo.es\\\/#\\\/schema\\\/logo\\\/image\\\/\"},\"sameAs\":[\"https:\\\/\\\/www.facebook.com\\\/ampasanbernardosevilla\\\/\"]}]}<\/script>\n<!-- \/ Yoast SEO plugin. -->","yoast_head_json":{"title":"Ap\u00fantate - AMPA San Bernardo - Sevilla","robots":{"index":"index","follow":"follow","max-snippet":"max-snippet:-1","max-image-preview":"max-image-preview:large","max-video-preview":"max-video-preview:-1"},"canonical":"https:\/\/www.ampasanbernardo.es\/index.php\/apuntate\/","og_locale":"es_ES","og_type":"article","og_title":"Ap\u00fantate - AMPA San Bernardo - Sevilla","og_description":"\u00a1AP\u00daNTATE A LA AMPA!INSCR\u00cdBETE EN LA AMPA! Una vez m\u00e1s os invitamos a asociaros a la AMPA San Bernardo para el pr\u00f3ximo curso escolar 2025\/26, cuya cuota es de 35\u00a0euros al a\u00f1o por familia. La AMPA San Bernardo colabora en el buen funcionamiento del colegio, invierte en infraestructuras y organiza diversas actividades para participar en [&hellip;]","og_url":"https:\/\/www.ampasanbernardo.es\/index.php\/apuntate\/","og_site_name":"AMPA San Bernardo - Sevilla","article_publisher":"https:\/\/www.facebook.com\/ampasanbernardosevilla\/","article_modified_time":"2025-10-21T21:28:15+00:00","og_image":[{"width":600,"height":240,"url":"https:\/\/www.ampasanbernardo.es\/wp-content\/uploads\/2022\/09\/Logo-750-e1663158982706.png","type":"image\/png"}],"twitter_card":"summary_large_image","twitter_image":"https:\/\/www.ampasanbernardo.es\/wp-content\/uploads\/2022\/09\/Logo-750-e1663158982706.png","twitter_misc":{"Tiempo de lectura":"3 minutos"},"schema":{"@context":"https:\/\/schema.org","@graph":[{"@type":"WebPage","@id":"https:\/\/www.ampasanbernardo.es\/index.php\/apuntate\/","url":"https:\/\/www.ampasanbernardo.es\/index.php\/apuntate\/","name":"Ap\u00fantate - AMPA San Bernardo - Sevilla","isPartOf":{"@id":"https:\/\/www.ampasanbernardo.es\/#website"},"primaryImageOfPage":{"@id":"https:\/\/www.ampasanbernardo.es\/index.php\/apuntate\/#primaryimage"},"image":{"@id":"https:\/\/www.ampasanbernardo.es\/index.php\/apuntate\/#primaryimage"},"thumbnailUrl":"https:\/\/www.ampasanbernardo.es\/wp-content\/uploads\/2022\/09\/Logo-750-e1663158982706.png","datePublished":"2022-09-13T19:42:55+00:00","dateModified":"2025-10-21T21:28:15+00:00","breadcrumb":{"@id":"https:\/\/www.ampasanbernardo.es\/index.php\/apuntate\/#breadcrumb"},"inLanguage":"es","potentialAction":[{"@type":"ReadAction","target":["https:\/\/www.ampasanbernardo.es\/index.php\/apuntate\/"]}]},{"@type":"ImageObject","inLanguage":"es","@id":"https:\/\/www.ampasanbernardo.es\/index.php\/apuntate\/#primaryimage","url":"https:\/\/www.ampasanbernardo.es\/wp-content\/uploads\/2022\/09\/Logo-750-e1663158982706.png","contentUrl":"https:\/\/www.ampasanbernardo.es\/wp-content\/uploads\/2022\/09\/Logo-750-e1663158982706.png","width":600,"height":240},{"@type":"BreadcrumbList","@id":"https:\/\/www.ampasanbernardo.es\/index.php\/apuntate\/#breadcrumb","itemListElement":[{"@type":"ListItem","position":1,"name":"Portada","item":"https:\/\/www.ampasanbernardo.es\/"},{"@type":"ListItem","position":2,"name":"Ap\u00fantate"}]},{"@type":"WebSite","@id":"https:\/\/www.ampasanbernardo.es\/#website","url":"https:\/\/www.ampasanbernardo.es\/","name":"AMPA San Bernardo - Sevilla","description":"P\u00e1gina web de la AMPA del colegio San Bernardo.","publisher":{"@id":"https:\/\/www.ampasanbernardo.es\/#organization"},"potentialAction":[{"@type":"SearchAction","target":{"@type":"EntryPoint","urlTemplate":"https:\/\/www.ampasanbernardo.es\/?s={search_term_string}"},"query-input":{"@type":"PropertyValueSpecification","valueRequired":true,"valueName":"search_term_string"}}],"inLanguage":"es"},{"@type":"Organization","@id":"https:\/\/www.ampasanbernardo.es\/#organization","name":"AMPA San Bernardo - Sevilla","alternateName":"AMPA San Bernardo","url":"https:\/\/www.ampasanbernardo.es\/","logo":{"@type":"ImageObject","inLanguage":"es","@id":"https:\/\/www.ampasanbernardo.es\/#\/schema\/logo\/image\/","url":"https:\/\/www.ampasanbernardo.es\/wp-content\/uploads\/2022\/09\/cropped-cropped-Logo-para-estudio-de-tatuaje-minimalista-circular-en-tonos-gris-y-blanco.-1.png","contentUrl":"https:\/\/www.ampasanbernardo.es\/wp-content\/uploads\/2022\/09\/cropped-cropped-Logo-para-estudio-de-tatuaje-minimalista-circular-en-tonos-gris-y-blanco.-1.png","width":200,"height":196,"caption":"AMPA San Bernardo - Sevilla"},"image":{"@id":"https:\/\/www.ampasanbernardo.es\/#\/schema\/logo\/image\/"},"sameAs":["https:\/\/www.facebook.com\/ampasanbernardosevilla\/"]}]}},"_links":{"self":[{"href":"https:\/\/www.ampasanbernardo.es\/index.php\/wp-json\/wp\/v2\/pages\/397","targetHints":{"allow":["GET"]}}],"collection":[{"href":"https:\/\/www.ampasanbernardo.es\/index.php\/wp-json\/wp\/v2\/pages"}],"about":[{"href":"https:\/\/www.ampasanbernardo.es\/index.php\/wp-json\/wp\/v2\/types\/page"}],"author":[{"embeddable":true,"href":"https:\/\/www.ampasanbernardo.es\/index.php\/wp-json\/wp\/v2\/users\/1"}],"replies":[{"embeddable":true,"href":"https:\/\/www.ampasanbernardo.es\/index.php\/wp-json\/wp\/v2\/comments?post=397"}],"version-history":[{"count":34,"href":"https:\/\/www.ampasanbernardo.es\/index.php\/wp-json\/wp\/v2\/pages\/397\/revisions"}],"predecessor-version":[{"id":2083,"href":"https:\/\/www.ampasanbernardo.es\/index.php\/wp-json\/wp\/v2\/pages\/397\/revisions\/2083"}],"wp:featuredmedia":[{"embeddable":true,"href":"https:\/\/www.ampasanbernardo.es\/index.php\/wp-json\/wp\/v2\/media\/543"}],"wp:attachment":[{"href":"https:\/\/www.ampasanbernardo.es\/index.php\/wp-json\/wp\/v2\/media?parent=397"}],"curies":[{"name":"wp","href":"https:\/\/api.w.org\/{rel}","templated":true}]}}