{"id":375,"date":"2022-09-13T19:03:40","date_gmt":"2022-09-13T19:03:40","guid":{"rendered":"http:\/\/www.ampasanbernardo.es\/?page_id=375"},"modified":"2024-09-15T22:09:27","modified_gmt":"2024-09-15T20:09:27","slug":"contacto","status":"publish","type":"page","link":"https:\/\/www.ampasanbernardo.es\/index.php\/contacto\/","title":{"rendered":"Contacto"},"content":{"rendered":"<p>[et_pb_section fb_built=\u00bb1&#8243; _builder_version=\u00bb4.18.0&#8243; _module_preset=\u00bbdefault\u00bb use_background_color_gradient=\u00bbon\u00bb background_image=\u00bbhttps:\/\/www.ampasanbernardo.es\/wp-content\/uploads\/2022\/09\/doctor-15.jpg\u00bb custom_padding=\u00bb||0px|||\u00bb locked=\u00bboff\u00bb global_colors_info=\u00bb{}\u00bb][et_pb_row _builder_version=\u00bb4.18.0&#8243; _module_preset=\u00bbdefault\u00bb min_height=\u00bb100px\u00bb height=\u00bb100px\u00bb max_height=\u00bb886px\u00bb global_colors_info=\u00bb{}\u00bb][et_pb_column type=\u00bb4_4&#8243; _builder_version=\u00bb4.18.0&#8243; _module_preset=\u00bbdefault\u00bb global_colors_info=\u00bb{}\u00bb][et_pb_text _builder_version=\u00bb4.18.0&#8243; _module_preset=\u00bbdefault\u00bb text_font=\u00bbDidact Gothic|600|||||||\u00bb text_text_color=\u00bb#FFFFFF\u00bb text_font_size=\u00bb16px\u00bb text_line_height=\u00bb1em\u00bb background_layout=\u00bbdark\u00bb inline_fonts=\u00bbDarker Grotesque\u00bb global_colors_info=\u00bb{}\u00bb]<\/p>\n<h1><strong>CONTACTA CON LA AMPA<\/strong><\/h1>\n<p>&nbsp;<\/p>\n<p>&nbsp;<\/p>\n<p>&nbsp;<\/p>\n<p>[\/et_pb_text][\/et_pb_column][\/et_pb_row][\/et_pb_section][et_pb_section fb_built=\u00bb1&#8243; _builder_version=\u00bb4.18.0&#8243; _module_preset=\u00bbdefault\u00bb max_height=\u00bb1000px\u00bb custom_padding=\u00bb||0px|||\u00bb global_colors_info=\u00bb{}\u00bb][et_pb_row column_structure=\u00bb1_2,1_2&#8243; _builder_version=\u00bb4.18.0&#8243; _module_preset=\u00bbdefault\u00bb global_colors_info=\u00bb{}\u00bb][et_pb_column type=\u00bb1_2&#8243; _builder_version=\u00bb4.18.0&#8243; _module_preset=\u00bbdefault\u00bb global_colors_info=\u00bb{}\u00bb][et_pb_text _builder_version=\u00bb4.20.4&#8243; _module_preset=\u00bbdefault\u00bb text_font=\u00bbDidact Gothic||||||||\u00bb text_font_size=\u00bb16px\u00bb global_colors_info=\u00bb{}\u00bb]<\/p>\n<h1>\u00bfNecesitas<strong> algo de la AMPA?<\/strong><\/h1>\n<p><strong><\/strong><\/p>\n<p><strong>Direcci\u00f3n:<span>\u00a0<\/span><\/strong>C\/ Campamento 17. 41018 Sevilla.<\/p>\n<p><strong>Horario de atenci\u00f3n:<\/strong><\/p>\n<p style=\"padding-left: 40px;\">Martes: 16:00 a 17:00h<\/p>\n<p>Para cualquier duda, \u00a1contacta con nosotras!<\/p>\n<p><strong>Tel\u00e9fono de atenci\u00f3n \/ WhatsApp:<\/strong><span> <strong>+(34) 614 137 234<\/strong><\/span><\/p>\n<p>[\/et_pb_text][\/et_pb_column][et_pb_column type=\u00bb1_2&#8243; _builder_version=\u00bb4.18.0&#8243; _module_preset=\u00bbdefault\u00bb global_colors_info=\u00bb{}\u00bb][et_pb_contact_form email=\u00bbformularios@ampasanbernardo.es\u00bb title=\u00bbFormulario de contacto\u00bb success_message=\u00bbGracias por ponerte en contacto con la AMPA. En breve nos pondremos en contacto contigo. \u00bb _builder_version=\u00bb4.27.0&#8243; _module_preset=\u00bbdefault\u00bb _unique_id=\u00bb4b338cd9-cbf2-4923-9d76-2c2f0fb7eab4&#8243; hover_enabled=\u00bb0&#8243; global_colors_info=\u00bb{}\u00bb sticky_enabled=\u00bb0&#8243;][et_pb_contact_field field_id=\u00bbName\u00bb field_title=\u00bbNombre\u00bb _builder_version=\u00bb4.16&#8243; global_colors_info=\u00bb{}\u00bb button_text_size__hover_enabled=\u00bboff\u00bb button_one_text_size__hover_enabled=\u00bboff\u00bb button_two_text_size__hover_enabled=\u00bboff\u00bb button_text_color__hover_enabled=\u00bboff\u00bb button_one_text_color__hover_enabled=\u00bboff\u00bb button_two_text_color__hover_enabled=\u00bboff\u00bb button_border_width__hover_enabled=\u00bboff\u00bb button_one_border_width__hover_enabled=\u00bboff\u00bb button_two_border_width__hover_enabled=\u00bboff\u00bb button_border_color__hover_enabled=\u00bboff\u00bb button_one_border_color__hover_enabled=\u00bboff\u00bb button_two_border_color__hover_enabled=\u00bboff\u00bb button_border_radius__hover_enabled=\u00bboff\u00bb button_one_border_radius__hover_enabled=\u00bboff\u00bb button_two_border_radius__hover_enabled=\u00bboff\u00bb button_letter_spacing__hover_enabled=\u00bboff\u00bb button_one_letter_spacing__hover_enabled=\u00bboff\u00bb button_two_letter_spacing__hover_enabled=\u00bboff\u00bb button_bg_color__hover_enabled=\u00bboff\u00bb button_one_bg_color__hover_enabled=\u00bboff\u00bb button_two_bg_color__hover_enabled=\u00bboff\u00bb][\/et_pb_contact_field][et_pb_contact_field field_id=\u00bbEmail\u00bb field_title=\u00bbDirecci\u00f3n de correo electr\u00f3nico\u00bb field_type=\u00bbemail\u00bb _builder_version=\u00bb4.16&#8243; global_colors_info=\u00bb{}\u00bb button_text_size__hover_enabled=\u00bboff\u00bb button_one_text_size__hover_enabled=\u00bboff\u00bb button_two_text_size__hover_enabled=\u00bboff\u00bb button_text_color__hover_enabled=\u00bboff\u00bb button_one_text_color__hover_enabled=\u00bboff\u00bb button_two_text_color__hover_enabled=\u00bboff\u00bb button_border_width__hover_enabled=\u00bboff\u00bb button_one_border_width__hover_enabled=\u00bboff\u00bb button_two_border_width__hover_enabled=\u00bboff\u00bb button_border_color__hover_enabled=\u00bboff\u00bb button_one_border_color__hover_enabled=\u00bboff\u00bb button_two_border_color__hover_enabled=\u00bboff\u00bb button_border_radius__hover_enabled=\u00bboff\u00bb button_one_border_radius__hover_enabled=\u00bboff\u00bb button_two_border_radius__hover_enabled=\u00bboff\u00bb button_letter_spacing__hover_enabled=\u00bboff\u00bb button_one_letter_spacing__hover_enabled=\u00bboff\u00bb button_two_letter_spacing__hover_enabled=\u00bboff\u00bb button_bg_color__hover_enabled=\u00bboff\u00bb button_one_bg_color__hover_enabled=\u00bboff\u00bb button_two_bg_color__hover_enabled=\u00bboff\u00bb][\/et_pb_contact_field][et_pb_contact_field field_id=\u00bbMessage\u00bb field_title=\u00bbMensaje\u00bb field_type=\u00bbtext\u00bb fullwidth_field=\u00bbon\u00bb _builder_version=\u00bb4.16&#8243; global_colors_info=\u00bb{}\u00bb button_text_size__hover_enabled=\u00bboff\u00bb button_one_text_size__hover_enabled=\u00bboff\u00bb button_two_text_size__hover_enabled=\u00bboff\u00bb button_text_color__hover_enabled=\u00bboff\u00bb button_one_text_color__hover_enabled=\u00bboff\u00bb button_two_text_color__hover_enabled=\u00bboff\u00bb button_border_width__hover_enabled=\u00bboff\u00bb button_one_border_width__hover_enabled=\u00bboff\u00bb button_two_border_width__hover_enabled=\u00bboff\u00bb button_border_color__hover_enabled=\u00bboff\u00bb button_one_border_color__hover_enabled=\u00bboff\u00bb button_two_border_color__hover_enabled=\u00bboff\u00bb button_border_radius__hover_enabled=\u00bboff\u00bb button_one_border_radius__hover_enabled=\u00bboff\u00bb button_two_border_radius__hover_enabled=\u00bboff\u00bb button_letter_spacing__hover_enabled=\u00bboff\u00bb button_one_letter_spacing__hover_enabled=\u00bboff\u00bb button_two_letter_spacing__hover_enabled=\u00bboff\u00bb button_bg_color__hover_enabled=\u00bboff\u00bb button_one_bg_color__hover_enabled=\u00bboff\u00bb button_two_bg_color__hover_enabled=\u00bboff\u00bb][\/et_pb_contact_field][et_pb_contact_field field_id=\u00bbProtecci\u00f3n_de_datos\u00bb field_title=\u00bbProtecci\u00f3n de datos\u00bb field_type=\u00bbcheckbox\u00bb checkbox_options=\u00bb%91{%22value%22:%22He le\u00eddo y acepto la pol\u00edtica de privacidad y protecci\u00f3n de datos%22,%22checked%22:0,%22dragID%22:-1,%22link_url%22:%22https:\/\/www.ampasanbernardo.es\/index.php\/legal\/%22}%93&#8243; fullwidth_field=\u00bbon\u00bb _builder_version=\u00bb4.18.0&#8243; _module_preset=\u00bbdefault\u00bb global_colors_info=\u00bb{}\u00bb][\/et_pb_contact_field][\/et_pb_contact_form][\/et_pb_column][\/et_pb_row][\/et_pb_section][et_pb_section fb_built=\u00bb1&#8243; _builder_version=\u00bb4.18.0&#8243; _module_preset=\u00bbdefault\u00bb min_height=\u00bb100px\u00bb height=\u00bb100px\u00bb max_height=\u00bb100px\u00bb custom_padding=\u00bb5px|||||\u00bb global_colors_info=\u00bb{}\u00bb][\/et_pb_section]<\/p>\n","protected":false},"excerpt":{"rendered":"<p>CONTACTA CON LA AMPA &nbsp; &nbsp; &nbsp;\u00bfNecesitas algo de la AMPA? Direcci\u00f3n:\u00a0C\/ Campamento 17. 41018 Sevilla. Horario de atenci\u00f3n: Martes: 16:00 a 17:00h Para cualquier duda, \u00a1contacta con nosotras! Tel\u00e9fono de atenci\u00f3n \/ WhatsApp: +(34) 614 137 234<\/p>\n","protected":false},"author":1,"featured_media":543,"parent":0,"menu_order":0,"comment_status":"closed","ping_status":"closed","template":"","meta":{"_et_pb_use_builder":"on","_et_pb_old_content":"","_et_gb_content_width":"","footnotes":""},"class_list":["post-375","page","type-page","status-publish","has-post-thumbnail","hentry"],"yoast_head":"<!-- This site is optimized with the Yoast SEO plugin v27.6 - https:\/\/yoast.com\/product\/yoast-seo-wordpress\/ -->\n<title>Contacto - AMPA San Bernardo - Sevilla<\/title>\n<meta name=\"robots\" content=\"index, follow, max-snippet:-1, max-image-preview:large, max-video-preview:-1\" \/>\n<link rel=\"canonical\" href=\"https:\/\/www.ampasanbernardo.es\/index.php\/contacto\/\" \/>\n<meta property=\"og:locale\" content=\"es_ES\" \/>\n<meta property=\"og:type\" content=\"article\" \/>\n<meta property=\"og:title\" content=\"Contacto - AMPA San Bernardo - Sevilla\" \/>\n<meta property=\"og:description\" content=\"CONTACTA CON LA AMPA &nbsp; &nbsp; &nbsp;\u00bfNecesitas algo de la AMPA? Direcci\u00f3n:\u00a0C\/ Campamento 17. 41018 Sevilla. Horario de atenci\u00f3n: Martes: 16:00 a 17:00h Para cualquier duda, \u00a1contacta con nosotras! Tel\u00e9fono de atenci\u00f3n \/ WhatsApp: +(34) 614 137 234\" \/>\n<meta property=\"og:url\" content=\"https:\/\/www.ampasanbernardo.es\/index.php\/contacto\/\" \/>\n<meta property=\"og:site_name\" content=\"AMPA San Bernardo - Sevilla\" \/>\n<meta property=\"article:publisher\" content=\"https:\/\/www.facebook.com\/ampasanbernardosevilla\/\" \/>\n<meta property=\"article:modified_time\" content=\"2024-09-15T20:09:27+00:00\" \/>\n<meta property=\"og:image\" content=\"https:\/\/www.ampasanbernardo.es\/wp-content\/uploads\/2022\/09\/Logo-750-e1663158982706.png\" \/>\n\t<meta property=\"og:image:width\" content=\"600\" \/>\n\t<meta property=\"og:image:height\" content=\"240\" \/>\n\t<meta property=\"og:image:type\" content=\"image\/png\" \/>\n<meta name=\"twitter:card\" content=\"summary_large_image\" \/>\n<meta name=\"twitter:image\" content=\"https:\/\/www.ampasanbernardo.es\/wp-content\/uploads\/2022\/09\/Logo-750-e1663158982706.png\" \/>\n<meta name=\"twitter:label1\" content=\"Tiempo de lectura\" \/>\n\t<meta name=\"twitter:data1\" content=\"2 minutos\" \/>\n<script type=\"application\/ld+json\" class=\"yoast-schema-graph\">{\"@context\":\"https:\\\/\\\/schema.org\",\"@graph\":[{\"@type\":\"WebPage\",\"@id\":\"https:\\\/\\\/www.ampasanbernardo.es\\\/index.php\\\/contacto\\\/\",\"url\":\"https:\\\/\\\/www.ampasanbernardo.es\\\/index.php\\\/contacto\\\/\",\"name\":\"Contacto - AMPA San Bernardo - Sevilla\",\"isPartOf\":{\"@id\":\"https:\\\/\\\/www.ampasanbernardo.es\\\/#website\"},\"primaryImageOfPage\":{\"@id\":\"https:\\\/\\\/www.ampasanbernardo.es\\\/index.php\\\/contacto\\\/#primaryimage\"},\"image\":{\"@id\":\"https:\\\/\\\/www.ampasanbernardo.es\\\/index.php\\\/contacto\\\/#primaryimage\"},\"thumbnailUrl\":\"https:\\\/\\\/www.ampasanbernardo.es\\\/wp-content\\\/uploads\\\/2022\\\/09\\\/Logo-750-e1663158982706.png\",\"datePublished\":\"2022-09-13T19:03:40+00:00\",\"dateModified\":\"2024-09-15T20:09:27+00:00\",\"breadcrumb\":{\"@id\":\"https:\\\/\\\/www.ampasanbernardo.es\\\/index.php\\\/contacto\\\/#breadcrumb\"},\"inLanguage\":\"es\",\"potentialAction\":[{\"@type\":\"ReadAction\",\"target\":[\"https:\\\/\\\/www.ampasanbernardo.es\\\/index.php\\\/contacto\\\/\"]}]},{\"@type\":\"ImageObject\",\"inLanguage\":\"es\",\"@id\":\"https:\\\/\\\/www.ampasanbernardo.es\\\/index.php\\\/contacto\\\/#primaryimage\",\"url\":\"https:\\\/\\\/www.ampasanbernardo.es\\\/wp-content\\\/uploads\\\/2022\\\/09\\\/Logo-750-e1663158982706.png\",\"contentUrl\":\"https:\\\/\\\/www.ampasanbernardo.es\\\/wp-content\\\/uploads\\\/2022\\\/09\\\/Logo-750-e1663158982706.png\",\"width\":600,\"height\":240},{\"@type\":\"BreadcrumbList\",\"@id\":\"https:\\\/\\\/www.ampasanbernardo.es\\\/index.php\\\/contacto\\\/#breadcrumb\",\"itemListElement\":[{\"@type\":\"ListItem\",\"position\":1,\"name\":\"Portada\",\"item\":\"https:\\\/\\\/www.ampasanbernardo.es\\\/\"},{\"@type\":\"ListItem\",\"position\":2,\"name\":\"Contacto\"}]},{\"@type\":\"WebSite\",\"@id\":\"https:\\\/\\\/www.ampasanbernardo.es\\\/#website\",\"url\":\"https:\\\/\\\/www.ampasanbernardo.es\\\/\",\"name\":\"AMPA San Bernardo - Sevilla\",\"description\":\"P\u00e1gina web de la AMPA del colegio San Bernardo.\",\"publisher\":{\"@id\":\"https:\\\/\\\/www.ampasanbernardo.es\\\/#organization\"},\"potentialAction\":[{\"@type\":\"SearchAction\",\"target\":{\"@type\":\"EntryPoint\",\"urlTemplate\":\"https:\\\/\\\/www.ampasanbernardo.es\\\/?s={search_term_string}\"},\"query-input\":{\"@type\":\"PropertyValueSpecification\",\"valueRequired\":true,\"valueName\":\"search_term_string\"}}],\"inLanguage\":\"es\"},{\"@type\":\"Organization\",\"@id\":\"https:\\\/\\\/www.ampasanbernardo.es\\\/#organization\",\"name\":\"AMPA San Bernardo - Sevilla\",\"alternateName\":\"AMPA San Bernardo\",\"url\":\"https:\\\/\\\/www.ampasanbernardo.es\\\/\",\"logo\":{\"@type\":\"ImageObject\",\"inLanguage\":\"es\",\"@id\":\"https:\\\/\\\/www.ampasanbernardo.es\\\/#\\\/schema\\\/logo\\\/image\\\/\",\"url\":\"https:\\\/\\\/www.ampasanbernardo.es\\\/wp-content\\\/uploads\\\/2022\\\/09\\\/cropped-cropped-Logo-para-estudio-de-tatuaje-minimalista-circular-en-tonos-gris-y-blanco.-1.png\",\"contentUrl\":\"https:\\\/\\\/www.ampasanbernardo.es\\\/wp-content\\\/uploads\\\/2022\\\/09\\\/cropped-cropped-Logo-para-estudio-de-tatuaje-minimalista-circular-en-tonos-gris-y-blanco.-1.png\",\"width\":200,\"height\":196,\"caption\":\"AMPA San Bernardo - Sevilla\"},\"image\":{\"@id\":\"https:\\\/\\\/www.ampasanbernardo.es\\\/#\\\/schema\\\/logo\\\/image\\\/\"},\"sameAs\":[\"https:\\\/\\\/www.facebook.com\\\/ampasanbernardosevilla\\\/\"]}]}<\/script>\n<!-- \/ Yoast SEO plugin. -->","yoast_head_json":{"title":"Contacto - AMPA San Bernardo - Sevilla","robots":{"index":"index","follow":"follow","max-snippet":"max-snippet:-1","max-image-preview":"max-image-preview:large","max-video-preview":"max-video-preview:-1"},"canonical":"https:\/\/www.ampasanbernardo.es\/index.php\/contacto\/","og_locale":"es_ES","og_type":"article","og_title":"Contacto - AMPA San Bernardo - Sevilla","og_description":"CONTACTA CON LA AMPA &nbsp; &nbsp; &nbsp;\u00bfNecesitas algo de la AMPA? Direcci\u00f3n:\u00a0C\/ Campamento 17. 41018 Sevilla. Horario de atenci\u00f3n: Martes: 16:00 a 17:00h Para cualquier duda, \u00a1contacta con nosotras! Tel\u00e9fono de atenci\u00f3n \/ WhatsApp: +(34) 614 137 234","og_url":"https:\/\/www.ampasanbernardo.es\/index.php\/contacto\/","og_site_name":"AMPA San Bernardo - Sevilla","article_publisher":"https:\/\/www.facebook.com\/ampasanbernardosevilla\/","article_modified_time":"2024-09-15T20:09:27+00:00","og_image":[{"width":600,"height":240,"url":"https:\/\/www.ampasanbernardo.es\/wp-content\/uploads\/2022\/09\/Logo-750-e1663158982706.png","type":"image\/png"}],"twitter_card":"summary_large_image","twitter_image":"https:\/\/www.ampasanbernardo.es\/wp-content\/uploads\/2022\/09\/Logo-750-e1663158982706.png","twitter_misc":{"Tiempo de lectura":"2 minutos"},"schema":{"@context":"https:\/\/schema.org","@graph":[{"@type":"WebPage","@id":"https:\/\/www.ampasanbernardo.es\/index.php\/contacto\/","url":"https:\/\/www.ampasanbernardo.es\/index.php\/contacto\/","name":"Contacto - AMPA San Bernardo - Sevilla","isPartOf":{"@id":"https:\/\/www.ampasanbernardo.es\/#website"},"primaryImageOfPage":{"@id":"https:\/\/www.ampasanbernardo.es\/index.php\/contacto\/#primaryimage"},"image":{"@id":"https:\/\/www.ampasanbernardo.es\/index.php\/contacto\/#primaryimage"},"thumbnailUrl":"https:\/\/www.ampasanbernardo.es\/wp-content\/uploads\/2022\/09\/Logo-750-e1663158982706.png","datePublished":"2022-09-13T19:03:40+00:00","dateModified":"2024-09-15T20:09:27+00:00","breadcrumb":{"@id":"https:\/\/www.ampasanbernardo.es\/index.php\/contacto\/#breadcrumb"},"inLanguage":"es","potentialAction":[{"@type":"ReadAction","target":["https:\/\/www.ampasanbernardo.es\/index.php\/contacto\/"]}]},{"@type":"ImageObject","inLanguage":"es","@id":"https:\/\/www.ampasanbernardo.es\/index.php\/contacto\/#primaryimage","url":"https:\/\/www.ampasanbernardo.es\/wp-content\/uploads\/2022\/09\/Logo-750-e1663158982706.png","contentUrl":"https:\/\/www.ampasanbernardo.es\/wp-content\/uploads\/2022\/09\/Logo-750-e1663158982706.png","width":600,"height":240},{"@type":"BreadcrumbList","@id":"https:\/\/www.ampasanbernardo.es\/index.php\/contacto\/#breadcrumb","itemListElement":[{"@type":"ListItem","position":1,"name":"Portada","item":"https:\/\/www.ampasanbernardo.es\/"},{"@type":"ListItem","position":2,"name":"Contacto"}]},{"@type":"WebSite","@id":"https:\/\/www.ampasanbernardo.es\/#website","url":"https:\/\/www.ampasanbernardo.es\/","name":"AMPA San Bernardo - Sevilla","description":"P\u00e1gina web de la AMPA del colegio San Bernardo.","publisher":{"@id":"https:\/\/www.ampasanbernardo.es\/#organization"},"potentialAction":[{"@type":"SearchAction","target":{"@type":"EntryPoint","urlTemplate":"https:\/\/www.ampasanbernardo.es\/?s={search_term_string}"},"query-input":{"@type":"PropertyValueSpecification","valueRequired":true,"valueName":"search_term_string"}}],"inLanguage":"es"},{"@type":"Organization","@id":"https:\/\/www.ampasanbernardo.es\/#organization","name":"AMPA San Bernardo - Sevilla","alternateName":"AMPA San Bernardo","url":"https:\/\/www.ampasanbernardo.es\/","logo":{"@type":"ImageObject","inLanguage":"es","@id":"https:\/\/www.ampasanbernardo.es\/#\/schema\/logo\/image\/","url":"https:\/\/www.ampasanbernardo.es\/wp-content\/uploads\/2022\/09\/cropped-cropped-Logo-para-estudio-de-tatuaje-minimalista-circular-en-tonos-gris-y-blanco.-1.png","contentUrl":"https:\/\/www.ampasanbernardo.es\/wp-content\/uploads\/2022\/09\/cropped-cropped-Logo-para-estudio-de-tatuaje-minimalista-circular-en-tonos-gris-y-blanco.-1.png","width":200,"height":196,"caption":"AMPA San Bernardo - Sevilla"},"image":{"@id":"https:\/\/www.ampasanbernardo.es\/#\/schema\/logo\/image\/"},"sameAs":["https:\/\/www.facebook.com\/ampasanbernardosevilla\/"]}]}},"_links":{"self":[{"href":"https:\/\/www.ampasanbernardo.es\/index.php\/wp-json\/wp\/v2\/pages\/375","targetHints":{"allow":["GET"]}}],"collection":[{"href":"https:\/\/www.ampasanbernardo.es\/index.php\/wp-json\/wp\/v2\/pages"}],"about":[{"href":"https:\/\/www.ampasanbernardo.es\/index.php\/wp-json\/wp\/v2\/types\/page"}],"author":[{"embeddable":true,"href":"https:\/\/www.ampasanbernardo.es\/index.php\/wp-json\/wp\/v2\/users\/1"}],"replies":[{"embeddable":true,"href":"https:\/\/www.ampasanbernardo.es\/index.php\/wp-json\/wp\/v2\/comments?post=375"}],"version-history":[{"count":29,"href":"https:\/\/www.ampasanbernardo.es\/index.php\/wp-json\/wp\/v2\/pages\/375\/revisions"}],"predecessor-version":[{"id":1866,"href":"https:\/\/www.ampasanbernardo.es\/index.php\/wp-json\/wp\/v2\/pages\/375\/revisions\/1866"}],"wp:featuredmedia":[{"embeddable":true,"href":"https:\/\/www.ampasanbernardo.es\/index.php\/wp-json\/wp\/v2\/media\/543"}],"wp:attachment":[{"href":"https:\/\/www.ampasanbernardo.es\/index.php\/wp-json\/wp\/v2\/media?parent=375"}],"curies":[{"name":"wp","href":"https:\/\/api.w.org\/{rel}","templated":true}]}}