{"id":370,"date":"2022-09-13T18:46:54","date_gmt":"2022-09-13T18:46:54","guid":{"rendered":"http:\/\/www.ampasanbernardo.es\/?page_id=370"},"modified":"2025-11-11T23:49:00","modified_gmt":"2025-11-11T22:49:00","slug":"nosotros","status":"publish","type":"page","link":"https:\/\/www.ampasanbernardo.es\/index.php\/nosotros\/","title":{"rendered":"Nosotros"},"content":{"rendered":"<p>[et_pb_section fb_built=\u00bb1&#8243; _builder_version=\u00bb4.18.0&#8243; _module_preset=\u00bbdefault\u00bb use_background_color_gradient=\u00bbon\u00bb background_image=\u00bbhttps:\/\/www.ampasanbernardo.es\/wp-content\/uploads\/2022\/09\/doctor-15.jpg\u00bb custom_padding=\u00bb||0px|||\u00bb global_colors_info=\u00bb{}\u00bb][et_pb_row _builder_version=\u00bb4.18.0&#8243; _module_preset=\u00bbdefault\u00bb min_height=\u00bb100px\u00bb height=\u00bb100px\u00bb max_height=\u00bb886px\u00bb global_colors_info=\u00bb{}\u00bb][et_pb_column type=\u00bb4_4&#8243; _builder_version=\u00bb4.18.0&#8243; _module_preset=\u00bbdefault\u00bb global_colors_info=\u00bb{}\u00bb][et_pb_text _builder_version=\u00bb4.18.0&#8243; _module_preset=\u00bbdefault\u00bb text_font=\u00bbDidact Gothic|600|||||||\u00bb text_text_color=\u00bb#FFFFFF\u00bb background_layout=\u00bbdark\u00bb inline_fonts=\u00bbDarker Grotesque\u00bb global_colors_info=\u00bb{}\u00bb]<\/p>\n<h1><strong>\u00bfQUI\u00c9NES SOMOS EN LA AMPA?<\/strong><\/h1>\n<p>[\/et_pb_text][\/et_pb_column][\/et_pb_row][\/et_pb_section][et_pb_section fb_built=\u00bb1&#8243; _builder_version=\u00bb4.18.0&#8243; _module_preset=\u00bbdefault\u00bb global_colors_info=\u00bb{}\u00bb][et_pb_row column_structure=\u00bb3_4,1_4&#8243; _builder_version=\u00bb4.18.0&#8243; _module_preset=\u00bbdefault\u00bb global_colors_info=\u00bb{}\u00bb][et_pb_column type=\u00bb3_4&#8243; _builder_version=\u00bb4.18.0&#8243; _module_preset=\u00bbdefault\u00bb global_colors_info=\u00bb{}\u00bb][et_pb_text _builder_version=\u00bb4.18.0&#8243; _module_preset=\u00bbdefault\u00bb text_font=\u00bbDidact Gothic||||||||\u00bb text_font_size=\u00bb16px\u00bb global_colors_info=\u00bb{}\u00bb]<\/p>\n<h2><strong>\u00bfQui\u00e9nes somos?<\/strong><\/h2>\n<p><strong><\/strong><\/p>\n<p>Somos un grupo de padres y madres comprometidos voluntariamente con la educaci\u00f3n de nuestros hijos e hijas en particular, y con la mejora de la comunidad educativa en general.<\/p>\n<p>Nuestro inter\u00e9s principal es la educaci\u00f3n de nuestros hijos e hijas, en colaboraci\u00f3n con el profesorado y equipo directivo del Centro. Pero tambi\u00e9n damos mucha importancia a otras actividades; l\u00fadicas, deportivas, educativas, conciliaci\u00f3n familiar y cualquier cosa que nos afecte.<\/p>\n<p>La<strong><span>\u00a0<\/span>Junta Directiva<\/strong> somos personas que dedicamos nuestro tiempo a mejorar el Colegio que nos ayuda a educar a nuestros hijos. En el pasado, y <strong>gracias al tiempo que algunas madres y padres han prestado se han conseguido impulsar algunas iniciativas muy valiosas<\/strong> para mejorar el centro y el d\u00eda a d\u00eda de nuestras hijas e hijos.<\/p>\n<p>Queremos que colabor\u00e9is ya que creemos que en nuestro colegio tenemos capacidades individuales muy valiosas para mejorar la educaci\u00f3n de nuestros hijos e hijas y del centro. Con la ilusi\u00f3n y el trabajo de todos, seguro que podemos disfrutar a\u00fan m\u00e1s de esta tarea tan apasionante de ser padres\/madres.<\/p>\n<p>[\/et_pb_text][\/et_pb_column][et_pb_column type=\u00bb1_4&#8243; _builder_version=\u00bb4.18.0&#8243; _module_preset=\u00bbdefault\u00bb global_colors_info=\u00bb{}\u00bb][et_pb_cta title=\u00bb\u00a1AP\u00daNTATE!\u00bb button_url=\u00bbhttps:\/\/www.ampasanbernardo.es\/index.php\/apuntate\/\u00bb button_text=\u00bbSABER M\u00c1S\u00bb _builder_version=\u00bb4.18.0&#8243; header_font=\u00bbDidact Gothic|700|||||||\u00bb header_font_size=\u00bb18px\u00bb header_line_height=\u00bb1.6em\u00bb body_font=\u00bbDidact Gothic||||||||\u00bb body_font_size=\u00bb13px\u00bb body_line_height=\u00bb1.8em\u00bb background_color=\u00bb#34587c\u00bb custom_button=\u00bbon\u00bb button_text_size=\u00bb11px\u00bb button_text_color=\u00bb#ffffff\u00bb button_bg_color=\u00bbrgba(234,114,74,0)\u00bb button_border_width=\u00bb8px\u00bb button_border_color=\u00bbrgba(0,0,0,0)\u00bb button_border_radius=\u00bb0px\u00bb button_letter_spacing=\u00bb3px\u00bb button_font=\u00bbDidact Gothic|700||on|||||\u00bb button_use_icon=\u00bboff\u00bb transform_scale=\u00bb110%|110%\u00bb min_height=\u00bb281.6px\u00bb overflow-x=\u00bbhidden\u00bb overflow-y=\u00bbhidden\u00bb animation_style=\u00bbslide\u00bb animation_direction=\u00bbtop\u00bb animation_intensity_slide=\u00bb5%\u00bb box_shadow_style=\u00bbpreset3&#8243; box_shadow_vertical=\u00bb20px\u00bb box_shadow_blur=\u00bb45px\u00bb box_shadow_spread=\u00bb-15px\u00bb box_shadow_color=\u00bbrgba(0,0,0,0.5)\u00bb box_shadow_style_button=\u00bbpreset5&#8243; box_shadow_vertical_button=\u00bb0px\u00bb box_shadow_spread_button=\u00bb2px\u00bb box_shadow_color_button=\u00bb#ffffff\u00bb locked=\u00bboff\u00bb global_colors_info=\u00bb{}\u00bb box_shadow_vertical__hover=\u00bb32px\u00bb box_shadow_vertical__hover_enabled=\u00bbon\u00bb box_shadow_blur__hover=\u00bb105px\u00bb box_shadow_blur__hover_enabled=\u00bbon\u00bb transform_styles__hover_enabled=\u00bbon|hover\u00bb transform_scale__hover_enabled=\u00bbon|hover\u00bb transform_translate__hover_enabled=\u00bbon|desktop\u00bb transform_rotate__hover_enabled=\u00bbon|desktop\u00bb transform_skew__hover_enabled=\u00bbon|desktop\u00bb transform_origin__hover_enabled=\u00bbon|desktop\u00bb transform_scale__hover=\u00bb110%|110%\u00bb]<\/p>\n<p>Por una cuota de 35\u20ac anuales por familia, mejora tu colegio y obt\u00e9n beneficios y descuentos.<\/p>\n<p>[\/et_pb_cta][\/et_pb_column][\/et_pb_row][et_pb_row column_structure=\u00bb3_4,1_4&#8243; _builder_version=\u00bb4.18.0&#8243; _module_preset=\u00bbdefault\u00bb global_colors_info=\u00bb{}\u00bb][et_pb_column type=\u00bb3_4&#8243; _builder_version=\u00bb4.18.0&#8243; _module_preset=\u00bbdefault\u00bb global_colors_info=\u00bb{}\u00bb][et_pb_text _builder_version=\u00bb4.18.0&#8243; _module_preset=\u00bbdefault\u00bb text_font=\u00bbDidact Gothic||||||||\u00bb text_font_size=\u00bb16px\u00bb custom_padding=\u00bb||2px|||\u00bb link_option_url=\u00bbhttps:\/\/www.ampasanbernardo.es\/index.php\/participa\/\u00bb global_colors_info=\u00bb{}\u00bb]<\/p>\n<h2><strong>Nuestro equipo de trabajo<\/strong><\/h2>\n<p><strong><\/strong><\/p>\n<p>Desde octubre del a\u00f1o 2025, la AMPA de nuestro colegio est\u00e1 formada por:<\/p>\n<p><strong>Presidente: <\/strong>Pablo Harillo Estanislao.<\/p>\n<p style=\"text-align: left;\"><strong>Secretaria: <\/strong>Mar\u00eda del Pilar Valencia Torres.<\/p>\n<p style=\"text-align: left;\"><strong>Tesorera: <\/strong>Juan Ram\u00f3n Pinazo Conde.<\/p>\n<p style=\"text-align: left;\"><strong>Vocales:\u00a0<\/strong>Mar\u00eda de la Villa Amate Morenas, Pedro A. Arjona Gonzalez, Inmaculada Holgado Flores, Patricia L\u00f3pez Delgado, Matilde L\u00f3pez Fern\u00e1ndez, Diego C. Naranjo Vergara, Elisabet P\u00e9rez Paguillo, Beatriz Pi\u00f1ar Hafner, Ana Zurita Berbel.<\/p>\n<p style=\"text-align: left;\">Si tienes tiempo e ilusi\u00f3n, puedes incorporarte a nuestro equipo de trabajo, mand\u00e1ndonos un mensaje <a href=\"https:\/\/www.ampasanbernardo.es\/index.php\/participa\/\">DESDE AQU\u00cd.<\/a><\/p>\n<p>[\/et_pb_text][\/et_pb_column][et_pb_column type=\u00bb1_4&#8243; _builder_version=\u00bb4.18.0&#8243; _module_preset=\u00bbdefault\u00bb global_colors_info=\u00bb{}\u00bb][\/et_pb_column][\/et_pb_row][\/et_pb_section]<\/p>\n","protected":false},"excerpt":{"rendered":"<p>\u00bfQUI\u00c9NES SOMOS EN LA AMPA?\u00bfQui\u00e9nes somos? Somos un grupo de padres y madres comprometidos voluntariamente con la educaci\u00f3n de nuestros hijos e hijas en particular, y con la mejora de la comunidad educativa en general. Nuestro inter\u00e9s principal es la educaci\u00f3n de nuestros hijos e hijas, en colaboraci\u00f3n con el profesorado y equipo directivo del [&hellip;]<\/p>\n","protected":false},"author":1,"featured_media":543,"parent":0,"menu_order":0,"comment_status":"closed","ping_status":"closed","template":"","meta":{"_et_pb_use_builder":"on","_et_pb_old_content":"","_et_gb_content_width":"","footnotes":""},"class_list":["post-370","page","type-page","status-publish","has-post-thumbnail","hentry"],"yoast_head":"<!-- This site is optimized with the Yoast SEO plugin v27.6 - https:\/\/yoast.com\/product\/yoast-seo-wordpress\/ -->\n<title>Nosotros - AMPA San Bernardo - Sevilla<\/title>\n<meta name=\"robots\" content=\"index, follow, max-snippet:-1, max-image-preview:large, max-video-preview:-1\" \/>\n<link rel=\"canonical\" href=\"https:\/\/www.ampasanbernardo.es\/index.php\/nosotros\/\" \/>\n<meta property=\"og:locale\" content=\"es_ES\" \/>\n<meta property=\"og:type\" content=\"article\" \/>\n<meta property=\"og:title\" content=\"Nosotros - AMPA San Bernardo - Sevilla\" \/>\n<meta property=\"og:description\" content=\"\u00bfQUI\u00c9NES SOMOS EN LA AMPA?\u00bfQui\u00e9nes somos? Somos un grupo de padres y madres comprometidos voluntariamente con la educaci\u00f3n de nuestros hijos e hijas en particular, y con la mejora de la comunidad educativa en general. Nuestro inter\u00e9s principal es la educaci\u00f3n de nuestros hijos e hijas, en colaboraci\u00f3n con el profesorado y equipo directivo del [&hellip;]\" \/>\n<meta property=\"og:url\" content=\"https:\/\/www.ampasanbernardo.es\/index.php\/nosotros\/\" \/>\n<meta property=\"og:site_name\" content=\"AMPA San Bernardo - Sevilla\" \/>\n<meta property=\"article:publisher\" content=\"https:\/\/www.facebook.com\/ampasanbernardosevilla\/\" \/>\n<meta property=\"article:modified_time\" content=\"2025-11-11T22:49:00+00:00\" \/>\n<meta property=\"og:image\" content=\"https:\/\/www.ampasanbernardo.es\/wp-content\/uploads\/2022\/09\/Logo-750-e1663158982706.png\" \/>\n\t<meta property=\"og:image:width\" content=\"600\" \/>\n\t<meta property=\"og:image:height\" content=\"240\" \/>\n\t<meta property=\"og:image:type\" content=\"image\/png\" \/>\n<meta name=\"twitter:card\" content=\"summary_large_image\" \/>\n<meta name=\"twitter:image\" content=\"https:\/\/www.ampasanbernardo.es\/wp-content\/uploads\/2022\/09\/Logo-750-e1663158982706.png\" \/>\n<meta name=\"twitter:label1\" content=\"Tiempo de lectura\" \/>\n\t<meta name=\"twitter:data1\" content=\"2 minutos\" \/>\n<script type=\"application\/ld+json\" class=\"yoast-schema-graph\">{\"@context\":\"https:\\\/\\\/schema.org\",\"@graph\":[{\"@type\":\"WebPage\",\"@id\":\"https:\\\/\\\/www.ampasanbernardo.es\\\/index.php\\\/nosotros\\\/\",\"url\":\"https:\\\/\\\/www.ampasanbernardo.es\\\/index.php\\\/nosotros\\\/\",\"name\":\"Nosotros - AMPA San Bernardo - Sevilla\",\"isPartOf\":{\"@id\":\"https:\\\/\\\/www.ampasanbernardo.es\\\/#website\"},\"primaryImageOfPage\":{\"@id\":\"https:\\\/\\\/www.ampasanbernardo.es\\\/index.php\\\/nosotros\\\/#primaryimage\"},\"image\":{\"@id\":\"https:\\\/\\\/www.ampasanbernardo.es\\\/index.php\\\/nosotros\\\/#primaryimage\"},\"thumbnailUrl\":\"https:\\\/\\\/www.ampasanbernardo.es\\\/wp-content\\\/uploads\\\/2022\\\/09\\\/Logo-750-e1663158982706.png\",\"datePublished\":\"2022-09-13T18:46:54+00:00\",\"dateModified\":\"2025-11-11T22:49:00+00:00\",\"breadcrumb\":{\"@id\":\"https:\\\/\\\/www.ampasanbernardo.es\\\/index.php\\\/nosotros\\\/#breadcrumb\"},\"inLanguage\":\"es\",\"potentialAction\":[{\"@type\":\"ReadAction\",\"target\":[\"https:\\\/\\\/www.ampasanbernardo.es\\\/index.php\\\/nosotros\\\/\"]}]},{\"@type\":\"ImageObject\",\"inLanguage\":\"es\",\"@id\":\"https:\\\/\\\/www.ampasanbernardo.es\\\/index.php\\\/nosotros\\\/#primaryimage\",\"url\":\"https:\\\/\\\/www.ampasanbernardo.es\\\/wp-content\\\/uploads\\\/2022\\\/09\\\/Logo-750-e1663158982706.png\",\"contentUrl\":\"https:\\\/\\\/www.ampasanbernardo.es\\\/wp-content\\\/uploads\\\/2022\\\/09\\\/Logo-750-e1663158982706.png\",\"width\":600,\"height\":240},{\"@type\":\"BreadcrumbList\",\"@id\":\"https:\\\/\\\/www.ampasanbernardo.es\\\/index.php\\\/nosotros\\\/#breadcrumb\",\"itemListElement\":[{\"@type\":\"ListItem\",\"position\":1,\"name\":\"Portada\",\"item\":\"https:\\\/\\\/www.ampasanbernardo.es\\\/\"},{\"@type\":\"ListItem\",\"position\":2,\"name\":\"Nosotros\"}]},{\"@type\":\"WebSite\",\"@id\":\"https:\\\/\\\/www.ampasanbernardo.es\\\/#website\",\"url\":\"https:\\\/\\\/www.ampasanbernardo.es\\\/\",\"name\":\"AMPA San Bernardo - Sevilla\",\"description\":\"P\u00e1gina web de la AMPA del colegio San Bernardo.\",\"publisher\":{\"@id\":\"https:\\\/\\\/www.ampasanbernardo.es\\\/#organization\"},\"potentialAction\":[{\"@type\":\"SearchAction\",\"target\":{\"@type\":\"EntryPoint\",\"urlTemplate\":\"https:\\\/\\\/www.ampasanbernardo.es\\\/?s={search_term_string}\"},\"query-input\":{\"@type\":\"PropertyValueSpecification\",\"valueRequired\":true,\"valueName\":\"search_term_string\"}}],\"inLanguage\":\"es\"},{\"@type\":\"Organization\",\"@id\":\"https:\\\/\\\/www.ampasanbernardo.es\\\/#organization\",\"name\":\"AMPA San Bernardo - Sevilla\",\"alternateName\":\"AMPA San Bernardo\",\"url\":\"https:\\\/\\\/www.ampasanbernardo.es\\\/\",\"logo\":{\"@type\":\"ImageObject\",\"inLanguage\":\"es\",\"@id\":\"https:\\\/\\\/www.ampasanbernardo.es\\\/#\\\/schema\\\/logo\\\/image\\\/\",\"url\":\"https:\\\/\\\/www.ampasanbernardo.es\\\/wp-content\\\/uploads\\\/2022\\\/09\\\/cropped-cropped-Logo-para-estudio-de-tatuaje-minimalista-circular-en-tonos-gris-y-blanco.-1.png\",\"contentUrl\":\"https:\\\/\\\/www.ampasanbernardo.es\\\/wp-content\\\/uploads\\\/2022\\\/09\\\/cropped-cropped-Logo-para-estudio-de-tatuaje-minimalista-circular-en-tonos-gris-y-blanco.-1.png\",\"width\":200,\"height\":196,\"caption\":\"AMPA San Bernardo - Sevilla\"},\"image\":{\"@id\":\"https:\\\/\\\/www.ampasanbernardo.es\\\/#\\\/schema\\\/logo\\\/image\\\/\"},\"sameAs\":[\"https:\\\/\\\/www.facebook.com\\\/ampasanbernardosevilla\\\/\"]}]}<\/script>\n<!-- \/ Yoast SEO plugin. -->","yoast_head_json":{"title":"Nosotros - AMPA San Bernardo - Sevilla","robots":{"index":"index","follow":"follow","max-snippet":"max-snippet:-1","max-image-preview":"max-image-preview:large","max-video-preview":"max-video-preview:-1"},"canonical":"https:\/\/www.ampasanbernardo.es\/index.php\/nosotros\/","og_locale":"es_ES","og_type":"article","og_title":"Nosotros - AMPA San Bernardo - Sevilla","og_description":"\u00bfQUI\u00c9NES SOMOS EN LA AMPA?\u00bfQui\u00e9nes somos? Somos un grupo de padres y madres comprometidos voluntariamente con la educaci\u00f3n de nuestros hijos e hijas en particular, y con la mejora de la comunidad educativa en general. Nuestro inter\u00e9s principal es la educaci\u00f3n de nuestros hijos e hijas, en colaboraci\u00f3n con el profesorado y equipo directivo del [&hellip;]","og_url":"https:\/\/www.ampasanbernardo.es\/index.php\/nosotros\/","og_site_name":"AMPA San Bernardo - Sevilla","article_publisher":"https:\/\/www.facebook.com\/ampasanbernardosevilla\/","article_modified_time":"2025-11-11T22:49:00+00:00","og_image":[{"width":600,"height":240,"url":"https:\/\/www.ampasanbernardo.es\/wp-content\/uploads\/2022\/09\/Logo-750-e1663158982706.png","type":"image\/png"}],"twitter_card":"summary_large_image","twitter_image":"https:\/\/www.ampasanbernardo.es\/wp-content\/uploads\/2022\/09\/Logo-750-e1663158982706.png","twitter_misc":{"Tiempo de lectura":"2 minutos"},"schema":{"@context":"https:\/\/schema.org","@graph":[{"@type":"WebPage","@id":"https:\/\/www.ampasanbernardo.es\/index.php\/nosotros\/","url":"https:\/\/www.ampasanbernardo.es\/index.php\/nosotros\/","name":"Nosotros - AMPA San Bernardo - Sevilla","isPartOf":{"@id":"https:\/\/www.ampasanbernardo.es\/#website"},"primaryImageOfPage":{"@id":"https:\/\/www.ampasanbernardo.es\/index.php\/nosotros\/#primaryimage"},"image":{"@id":"https:\/\/www.ampasanbernardo.es\/index.php\/nosotros\/#primaryimage"},"thumbnailUrl":"https:\/\/www.ampasanbernardo.es\/wp-content\/uploads\/2022\/09\/Logo-750-e1663158982706.png","datePublished":"2022-09-13T18:46:54+00:00","dateModified":"2025-11-11T22:49:00+00:00","breadcrumb":{"@id":"https:\/\/www.ampasanbernardo.es\/index.php\/nosotros\/#breadcrumb"},"inLanguage":"es","potentialAction":[{"@type":"ReadAction","target":["https:\/\/www.ampasanbernardo.es\/index.php\/nosotros\/"]}]},{"@type":"ImageObject","inLanguage":"es","@id":"https:\/\/www.ampasanbernardo.es\/index.php\/nosotros\/#primaryimage","url":"https:\/\/www.ampasanbernardo.es\/wp-content\/uploads\/2022\/09\/Logo-750-e1663158982706.png","contentUrl":"https:\/\/www.ampasanbernardo.es\/wp-content\/uploads\/2022\/09\/Logo-750-e1663158982706.png","width":600,"height":240},{"@type":"BreadcrumbList","@id":"https:\/\/www.ampasanbernardo.es\/index.php\/nosotros\/#breadcrumb","itemListElement":[{"@type":"ListItem","position":1,"name":"Portada","item":"https:\/\/www.ampasanbernardo.es\/"},{"@type":"ListItem","position":2,"name":"Nosotros"}]},{"@type":"WebSite","@id":"https:\/\/www.ampasanbernardo.es\/#website","url":"https:\/\/www.ampasanbernardo.es\/","name":"AMPA San Bernardo - Sevilla","description":"P\u00e1gina web de la AMPA del colegio San Bernardo.","publisher":{"@id":"https:\/\/www.ampasanbernardo.es\/#organization"},"potentialAction":[{"@type":"SearchAction","target":{"@type":"EntryPoint","urlTemplate":"https:\/\/www.ampasanbernardo.es\/?s={search_term_string}"},"query-input":{"@type":"PropertyValueSpecification","valueRequired":true,"valueName":"search_term_string"}}],"inLanguage":"es"},{"@type":"Organization","@id":"https:\/\/www.ampasanbernardo.es\/#organization","name":"AMPA San Bernardo - Sevilla","alternateName":"AMPA San Bernardo","url":"https:\/\/www.ampasanbernardo.es\/","logo":{"@type":"ImageObject","inLanguage":"es","@id":"https:\/\/www.ampasanbernardo.es\/#\/schema\/logo\/image\/","url":"https:\/\/www.ampasanbernardo.es\/wp-content\/uploads\/2022\/09\/cropped-cropped-Logo-para-estudio-de-tatuaje-minimalista-circular-en-tonos-gris-y-blanco.-1.png","contentUrl":"https:\/\/www.ampasanbernardo.es\/wp-content\/uploads\/2022\/09\/cropped-cropped-Logo-para-estudio-de-tatuaje-minimalista-circular-en-tonos-gris-y-blanco.-1.png","width":200,"height":196,"caption":"AMPA San Bernardo - Sevilla"},"image":{"@id":"https:\/\/www.ampasanbernardo.es\/#\/schema\/logo\/image\/"},"sameAs":["https:\/\/www.facebook.com\/ampasanbernardosevilla\/"]}]}},"_links":{"self":[{"href":"https:\/\/www.ampasanbernardo.es\/index.php\/wp-json\/wp\/v2\/pages\/370","targetHints":{"allow":["GET"]}}],"collection":[{"href":"https:\/\/www.ampasanbernardo.es\/index.php\/wp-json\/wp\/v2\/pages"}],"about":[{"href":"https:\/\/www.ampasanbernardo.es\/index.php\/wp-json\/wp\/v2\/types\/page"}],"author":[{"embeddable":true,"href":"https:\/\/www.ampasanbernardo.es\/index.php\/wp-json\/wp\/v2\/users\/1"}],"replies":[{"embeddable":true,"href":"https:\/\/www.ampasanbernardo.es\/index.php\/wp-json\/wp\/v2\/comments?post=370"}],"version-history":[{"count":21,"href":"https:\/\/www.ampasanbernardo.es\/index.php\/wp-json\/wp\/v2\/pages\/370\/revisions"}],"predecessor-version":[{"id":2112,"href":"https:\/\/www.ampasanbernardo.es\/index.php\/wp-json\/wp\/v2\/pages\/370\/revisions\/2112"}],"wp:featuredmedia":[{"embeddable":true,"href":"https:\/\/www.ampasanbernardo.es\/index.php\/wp-json\/wp\/v2\/media\/543"}],"wp:attachment":[{"href":"https:\/\/www.ampasanbernardo.es\/index.php\/wp-json\/wp\/v2\/media?parent=370"}],"curies":[{"name":"wp","href":"https:\/\/api.w.org\/{rel}","templated":true}]}}